{"id":3168,"date":"2017-03-20T17:03:43","date_gmt":"2017-03-21T00:03:43","guid":{"rendered":"https:\/\/maccelerator.la\/torno-subito\/"},"modified":"2023-02-15T18:45:52","modified_gmt":"2023-02-16T02:45:52","slug":"torno-subito","status":"publish","type":"page","link":"https:\/\/maccelerator.la\/en\/torno-subito\/","title":{"rendered":"Torno Subito 2022"},"content":{"rendered":"<h1>Bando della Regione Lazio \u201cTORNO SUBITO 2022\u201d<\/h1>\n<h2>Il Corso M Accelerator \u00e8 finanziabile attraverso il bando &#8220;TORNO SUBITO&#8221;.<\/h2>\n<h3>IL BANDO<\/h3>\n<p>Il bando TORNO SUBITO si rivolge a tutti i laureati o studenti universitari residenti o domiciliati nella Regione Lazio da almeno sei mesi. Il Bando \u00e8 la scommessa della Regione Lazio di investire sulla creativit\u00e0 progettuale e sull&#8217;autonomia delle giovani generazioni.<\/p>\n<p>TORNO SUBITO stimola i giovani ad uscire dalla comfort zone e dalla Regione Lazio, ma anche dall&#8217;Italia, per un breve periodo formativo, per poi tornare e reinvestire le conoscenze acquisite all&#8217;interno della propria regione.<\/p>\n<p>L\u2019idea \u00e8 dell\u2019<strong>Assessorato alla Formazione, Ricerca, Scuola, Universit\u00e0 e Turismo<\/strong> della <strong>Regione Lazio<\/strong>, che con TORNO SUBITO concede&nbsp;ai destinatari la possibilit\u00e0 di realizzare il proprio sogno, costruendo <strong>un progetto di crescita<\/strong>&nbsp;sulla base delle proprie ambizioni e attraverso 2 Fasi.<\/p>\n<p>Il corso <strong>M <a href=\"https:\/\/maccelerator.la\/en\/blog\/startups\/how-to-choose-the-ideal-online-accelerator-or-startup-program-in-the-usa\/\">Accelerator<\/a><\/strong> a <a href=\"https:\/\/maccelerator.la\/en\/blog\/sports\/blog-sports-tech-company-expand-los-angeles-decision-framework\/\">Los Angeles<\/a>, insieme a <strong>Kaplan International<\/strong>, offre&nbsp;ai partecipanti del bando la possibilit\u00e0 di svolgere la prima fase nella nostra scuola.<\/p>\n<p>La seconda fase si svolge all&#8217;interno della Regione.<\/p>\n<p>Nel 2016, 3 furono le tipologie progettuali previste dal bando:<\/p>\n<ul>\n<li>\u201cTorno Subito Formazione\u201d<\/li>\n<li>\u201cTorno Subito Work Experience\u201d<\/li>\n<li>\u201cTorno Subito Cinema\u201d<\/li>\n<\/ul>\n<p>Il corso M Accelerator, erogato da MEDIARS LLC rientra nella tipologia &#8220;Torno Subito Formazione&#8221;.<\/p>\n<h3>LA NOSTRA OFFERTA PER I PARTECIPANTI DEL BANDO &#8220;TORNO SUBITO&#8221; 2022<\/h3>\n<p>Il nostro team ha esperienza decennale nei&nbsp;corsi internazionali sulla creativit\u00e0 progettuale&nbsp;con l&#8217;Universit\u00e0 della California, Los Angeles (UCLA), il Dipartimento della Giovent\u00f9 e Politiche Sociali, le Universit\u00e0&nbsp;in Cina e Singapore,&nbsp;il Centro Sperimentale MEDIARS in Italia (fondato nel 2006 con un finanziamento <a href=\"https:\/\/maccelerator.la\/en\/blog\/go-to-market\/programmatic-advertising-the-secret-weapon-your-startup-isnt-using-but-should-be\/\">startup<\/a> della Regione Lazio), ora con MEDIARS LLC di Los Angeles, dal 2014 ospita i progetti finanziati dal bando Torno Subito.<\/p>\n<p>Nelle nostro sito web <a href=\"https:\/\/maccelerator.la\/it\/\" data-wpel-link=\"external\" target=\"_blank\" rel=\"nofollow external noopener noreferrer\">www.maccelerator.la<\/a> descriviamo il corso che si basa su tre aspetti <strong>INGLESE<\/strong> &#8211; <strong>COMUNICAZIONE<\/strong> &#8211; <strong><a href=\"https:\/\/maccelerator.la\/en\/blog\/startups\/everything-weve-been-taught-about-business-is-wrong-a-new-perspective-on-success\/\">BUSINESS<\/a><\/strong>, per maggiori informazioni e per ricevere la descrizione dei corsi scrivici a: <a href=\"mailto:info@maccelerator.la\">info@maccelerator.la<\/a><\/p>\n<blockquote class=\"wp-embedded-content\" data-secret=\"QA5lr5rDYg\"><p><a href=\"https:\/\/maccelerator.la\/it\/corso-startup\/\" data-wpel-link=\"external\" target=\"_blank\" rel=\"nofollow external noopener noreferrer\">Corso Startup<\/a><\/p><\/blockquote>\n<p><iframe loading=\"lazy\" class=\"wp-embedded-content\" sandbox=\"allow-scripts\" security=\"restricted\" style=\"position: absolute; clip: rect(1px, 1px, 1px, 1px);\" title=\"&#8220;Corso Startup&#8221; &#8212; M Accelerator\" src=\"https:\/\/maccelerator.la\/it\/corso-startup\/embed\/#?secret=HropO7oGzU#?secret=QA5lr5rDYg\" data-secret=\"QA5lr5rDYg\" width=\"600\" height=\"338\" frameborder=\"0\" marginwidth=\"0\" marginheight=\"0\" scrolling=\"no\"><\/iframe><\/p>\n<p><em>Consulta le altre pagine del&nbsp;nostro sito per avere informazioni pi\u00f9 dettagliate sul nostro corso.&nbsp;<\/em><\/p>\n","protected":false},"excerpt":{"rendered":"<p>Bando della Regione Lazio \u201cTORNO SUBITO 2022\u201d Il Corso M Accelerator \u00e8 finanziabile attraverso il bando &#8220;TORNO SUBITO&#8221;. IL BANDO Il bando TORNO SUBITO si rivolge a tutti i laureati o studenti universitari residenti o domiciliati nella Regione Lazio da almeno sei mesi. Il Bando \u00e8 la scommessa della Regione Lazio di investire sulla creativit\u00e0<\/p>\n","protected":false},"author":5,"featured_media":10504,"parent":0,"menu_order":0,"comment_status":"closed","ping_status":"closed","template":"","meta":{"footnotes":""},"class_list":["post-3168","page","type-page","status-publish","has-post-thumbnail","hentry"],"_links":{"self":[{"href":"https:\/\/maccelerator.la\/en\/wp-json\/wp\/v2\/pages\/3168","targetHints":{"allow":["GET"]}}],"collection":[{"href":"https:\/\/maccelerator.la\/en\/wp-json\/wp\/v2\/pages"}],"about":[{"href":"https:\/\/maccelerator.la\/en\/wp-json\/wp\/v2\/types\/page"}],"author":[{"embeddable":true,"href":"https:\/\/maccelerator.la\/en\/wp-json\/wp\/v2\/users\/5"}],"replies":[{"embeddable":true,"href":"https:\/\/maccelerator.la\/en\/wp-json\/wp\/v2\/comments?post=3168"}],"version-history":[{"count":0,"href":"https:\/\/maccelerator.la\/en\/wp-json\/wp\/v2\/pages\/3168\/revisions"}],"wp:featuredmedia":[{"embeddable":true,"href":"https:\/\/maccelerator.la\/en\/wp-json\/wp\/v2\/media\/10504"}],"wp:attachment":[{"href":"https:\/\/maccelerator.la\/en\/wp-json\/wp\/v2\/media?parent=3168"}],"curies":[{"name":"wp","href":"https:\/\/api.w.org\/{rel}","templated":true}]}}